{"id":1294,"date":"2024-01-10T11:13:09","date_gmt":"2024-01-10T11:13:09","guid":{"rendered":"https:\/\/thalerhof.muwit.net\/?page_id=1294"},"modified":"2024-11-25T12:47:37","modified_gmt":"2024-11-25T12:47:37","slug":"colophon","status":"publish","type":"page","link":"https:\/\/www.thalerhof.info\/it\/colophon\/","title":{"rendered":"Colophon"},"content":{"rendered":"\t\t<div data-elementor-type=\"wp-page\" data-elementor-id=\"1294\" class=\"elementor elementor-1294 elementor-24\" data-elementor-post-type=\"page\">\n\t\t\t\t<div class=\"elementor-element elementor-element-3a52062 e-con-full e-flex e-con e-parent\" data-id=\"3a52062\" data-element_type=\"container\">\n\t\t\t\t<div class=\"elementor-element elementor-element-51432d7c elementor-skin-carousel elementor-widget elementor-widget-media-carousel\" data-id=\"51432d7c\" data-element_type=\"widget\" data-settings=\"{&quot;slides_per_view&quot;:&quot;1&quot;,&quot;slides_per_view_widescreen&quot;:&quot;1&quot;,&quot;slides_per_view_laptop&quot;:&quot;1&quot;,&quot;slides_per_view_tablet_extra&quot;:&quot;1&quot;,&quot;slides_per_view_tablet&quot;:&quot;1&quot;,&quot;slides_per_view_mobile_extra&quot;:&quot;1&quot;,&quot;slides_per_view_mobile&quot;:&quot;1&quot;,&quot;skin&quot;:&quot;carousel&quot;,&quot;effect&quot;:&quot;slide&quot;,&quot;speed&quot;:500,&quot;autoplay&quot;:&quot;yes&quot;,&quot;autoplay_speed&quot;:5000,&quot;loop&quot;:&quot;yes&quot;,&quot;pause_on_hover&quot;:&quot;yes&quot;,&quot;pause_on_interaction&quot;:&quot;yes&quot;,&quot;space_between&quot;:{&quot;unit&quot;:&quot;px&quot;,&quot;size&quot;:10,&quot;sizes&quot;:[]},&quot;space_between_widescreen&quot;:{&quot;unit&quot;:&quot;px&quot;,&quot;size&quot;:10,&quot;sizes&quot;:[]},&quot;space_between_laptop&quot;:{&quot;unit&quot;:&quot;px&quot;,&quot;size&quot;:10,&quot;sizes&quot;:[]},&quot;space_between_tablet_extra&quot;:{&quot;unit&quot;:&quot;px&quot;,&quot;size&quot;:10,&quot;sizes&quot;:[]},&quot;space_between_tablet&quot;:{&quot;unit&quot;:&quot;px&quot;,&quot;size&quot;:10,&quot;sizes&quot;:[]},&quot;space_between_mobile_extra&quot;:{&quot;unit&quot;:&quot;px&quot;,&quot;size&quot;:10,&quot;sizes&quot;:[]},&quot;space_between_mobile&quot;:{&quot;unit&quot;:&quot;px&quot;,&quot;size&quot;:10,&quot;sizes&quot;:[]}}\" data-widget_type=\"media-carousel.default\">\n\t\t\t\t<div class=\"elementor-widget-container\">\n\t\t\t\t\t\t\t\t\t<div class=\"elementor-swiper\">\n\t\t\t\t\t<div class=\"elementor-main-swiper swiper\" role=\"region\" aria-roledescription=\"carousel\" aria-label=\"Slides\">\n\t\t\t\t<div class=\"swiper-wrapper\">\n\t\t\t\t\t\t\t\t\t\t\t<div class=\"swiper-slide\" role=\"group\" aria-roledescription=\"slide\">\n\t\t\t\t\t\t\t\t\t<div class=\"elementor-carousel-image\" role=\"img\" aria-label=\"shutterstock_528683563\" style=\"background-image: url(&#039;https:\/\/www.thalerhof.info\/wp-content\/uploads\/2024\/02\/shutterstock_528683563.jpg&#039;)\">\n\n\t\t\t\n\t\t\t\t\t<\/div>\n\t\t\t\t\t\t\t\t<\/div>\n\t\t\t\t\t\t\t\t\t<\/div>\n\t\t\t\t\t\t\t<\/div>\n\t\t\t\t<\/div>\n\t\t\t\t\t\t\t\t<\/div>\n\t\t\t\t<\/div>\n\t\t\t\t<\/div>\n\t\t<div class=\"elementor-element elementor-element-611416d0 e-con-full e-flex e-con e-parent\" data-id=\"611416d0\" data-element_type=\"container\" data-settings=\"{&quot;background_background&quot;:&quot;classic&quot;}\">\n\t\t\t\t<div class=\"elementor-element elementor-element-7aa46e7b elementor-widget elementor-widget-heading\" data-id=\"7aa46e7b\" data-element_type=\"widget\" data-widget_type=\"heading.default\">\n\t\t\t\t<div class=\"elementor-widget-container\">\n\t\t\t\t\t<h1 class=\"elementor-heading-title elementor-size-default\">Colophon<\/h1>\t\t\t\t<\/div>\n\t\t\t\t<\/div>\n\t\t\t\t<div class=\"elementor-element elementor-element-7a83067e brownlink elementor-widget elementor-widget-text-editor\" data-id=\"7a83067e\" data-element_type=\"widget\" data-widget_type=\"text-editor.default\">\n\t\t\t\t<div class=\"elementor-widget-container\">\n\t\t\t\t\t\t\t\t\t<p><strong>Thalerhof<\/strong><\/p><p>Onies 23<br \/>39030 San Lorenzo di Sebato (BZ)<\/p><p><a href=\"call:393479987935\">+39 347 9987935<\/a><br \/><a href=\"mailto:contact@thalerhof.info\" rel=\"\">contact@thalerhof.info<\/a><br \/><a href=\"mailto:georg.leimegger@pec.rolmail.net\">georg.leimegger@pec.rolmail.net<\/a><\/p><p>Codice destinatario: BZ007852<\/p><p><a href=\"https:\/\/www.thalerhof.info\">www.thalerhof.info<\/a><\/p><p>P. IVA 02784180214<br \/>Cod. Fisc. LMGGRG89H27B220U<br \/>Codice CIN IT021081B54X6KL2FD<\/p><p>Camera di Commercio di Bolzano<br \/>Numero di registrazione: BZ205310<br \/>Numero REA: BZ205310<\/p><p><strong>Copyright per le immagini e grafiche utilizzate:<\/strong><\/p><p>Thalerhof<br \/>Shutterstock<br \/>IDM S\u00fcdtirol-Alto Adige\/Harald Wisthaler<br \/>IDM S\u00fcdtirol\/Manuel Kottersteger<br \/>IDM S\u00fcdtirol-Alto Adige\/Alex Moling<br \/><a href=\"https:\/\/www.freepik.com\/free-photo\/full-shot-man-with-motorbike-outdoors_52882660.htm\" target=\"_blank\" rel=\"nofollow noopener\">freepik.com<\/a><\/p><p><strong>Risoluzione delle controversie\u00a0<\/strong><br \/>Informazioni obbligatorie ai sensi del Regolamento UE n. 524\/2013 del Parlamento e Consiglio europeo. Piattaforma per la risoluzione online delle controversie (ODR) della Commissione europea:\u00a0<br \/><a href=\"https:\/\/ec.europa.eu\/consumers\/odr\/main\/?event=main.trader.register\" target=\"_blank\" rel=\"noopener\">https:\/\/ec.europa.eu\/consumers\/odr\/main\/?event=main.trader.register<\/a><\/p><p><strong>Concetto e realizzazione<\/strong><br \/>muwit d. sandra stablum<br \/>Citt\u00e1 Alta 60<br \/>39043 Chiusa<br \/>Tel.\u00a0<a href=\"tel:+39 347 1330206\">+39 347 1330206<\/a><br \/>Part. IVA 02730810211<br \/>Cod. fisc. STB SDR 88 A44 B160 S<br \/><a href=\"mailto:\">info@muwit.it<\/a><br \/><a href=\"..\/Vorlagen\/Datenschutz%20-%20Impressum\/HTML\/www.muwit.it\" target=\"_blank\" rel=\"noopener\">www.muwit.it<\/a><\/p><p><strong>Responsabile per il contenuto:<\/strong><br \/>Leimegger Georg<\/p><p><strong>Dichiarazione liberatoria:<br \/>Responsabilit\u00e0 per i contenuti<\/strong><\/p><p>I contenuti delle nostre pagine sono stati redatti, elaborati e controllati scrupolosamente. Tuttavia, non ci assumiamo nessuna responsabilit\u00e0 per la correttezza, qualit\u00e0, completezza e attualit\u00e0 dei contenuti, poich\u00e9 non \u00e8 da escludere che siano cambiati nel tempo. Come prestatori di servizi siamo responsabili per i contenuti di queste pagine in base alla normativa vigente. Nella nostra qualit\u00e0 di prestatori di servizi non siamo per\u00f2 obbligati a controllare l\u2019esattezza di informazioni ricevute o salvate da terzi, o a controllare se sussistano irregolarit\u00e0 che indichino un\u2019attivit\u00e0 illegale. L\u2019obbligo di rimuovere o bloccare l\u2019utilizzo di informazioni secondo la normativa vigente rimane valido. L\u2019assunzione di tale responsabilit\u00e0 \u00e8 tuttavia possibile solamente dopo il momento dell\u2019effettivo riconoscimento da parte nostra di una concreta violazione di diritto. Alla presa d\u2019atto di tali violazioni di legge provvederemo immediatamente alla rimozione dei contenuti in questione.<br \/>Si escludono di principio le rivendicazioni di responsabilit\u00e0 di qualsiasi tipo causate dall\u2019utilizzo di informazioni messe a disposizione, oppure da informazioni errate e\/o incomplete.<\/p><p><strong>Responsabilit\u00e0 per i link<\/strong><\/p><p>La nostra offerta contiene dei collegamenti ipertestuali con siti web esterni di terzi, sui cui contenuti non possiamo influire. Per questo motivo non forniamo nessuna garanzia sui contenuti dei siti web linkati, indipendentemente dal tipo e dalla natura. Ne \u00e8 responsabile solamente il relativo proprietario o gestore del sito. Un controllo permanente dei contenuti dei siti linkati al presente non \u00e8 fattibile senza concreti punti di riferimento. All\u2019avvenuta conoscenza d\u2019infrazioni contro la legge causate dai siti web linkati, i link in questione saranno subito rimossi.<\/p><p><strong>Copyright<\/strong><\/p><p>Tutti i contenuti e le opere creati dal web designer e dai gestori del sito sono protetti da copyright. La riproduzione, l\u2019alterazione, la distribuzione e qualsiasi forma di utilizzo, soprattutto per scopi commerciali, al di fuori dei limiti del diritto d\u2019autore, sono severamente vietate e ammesse esclusivamente previa autorizzazione scritta del relativo autore o creatore. Nel caso i contenuti di questa pagina non siano stati creati dal gestore, sono da rispettare i diritti di copyright di terzi. I contenuti redatti da terzi sono contrassegnati come tali. In caso doveste notare una violazione del copyright, vi preghiamo gentilmente di farci pervenire un\u2019apposita segnalazione. All\u2019atto di presa di conoscenza di tali violazioni di legge, i contenuti in questione saranno naturalmente rimossi subito, senza per\u00f2 assumerne nessuna responsabilit\u00e0.<\/p>\t\t\t\t\t\t\t\t<\/div>\n\t\t\t\t<\/div>\n\t\t\t\t<\/div>\n\t\t\t\t<\/div>\n\t\t","protected":false},"excerpt":{"rendered":"<p>Colophon Thalerhof Onies 2339030 San Lorenzo di Sebato (BZ) +39 347 9987935contact@thalerhof.infogeorg.leimegger@pec.rolmail.net Codice destinatario: BZ007852 www.thalerhof.info P. IVA 02784180214Cod. Fisc. LMGGRG89H27B220UCodice CIN IT021081B54X6KL2FD Camera di Commercio di BolzanoNumero di registrazione: BZ205310Numero REA: BZ205310 Copyright per le immagini e grafiche utilizzate: ThalerhofShutterstockIDM S\u00fcdtirol-Alto Adige\/Harald WisthalerIDM S\u00fcdtirol\/Manuel KotterstegerIDM S\u00fcdtirol-Alto Adige\/Alex Molingfreepik.com Risoluzione delle controversie\u00a0Informazioni obbligatorie ai sensi [&hellip;]<\/p>\n","protected":false},"author":1,"featured_media":0,"parent":0,"menu_order":0,"comment_status":"closed","ping_status":"closed","template":"","meta":{"footnotes":""},"class_list":["post-1294","page","type-page","status-publish","hentry"],"yoast_head":"<!-- This site is optimized with the Yoast SEO plugin v24.2 - https:\/\/yoast.com\/wordpress\/plugins\/seo\/ -->\n<title>Colophon - Thalerhof<\/title>\n<meta name=\"robots\" content=\"index, follow, max-snippet:-1, max-image-preview:large, max-video-preview:-1\" \/>\n<link rel=\"canonical\" href=\"https:\/\/www.thalerhof.info\/it\/colophon\/\" \/>\n<meta property=\"og:locale\" content=\"it_IT\" \/>\n<meta property=\"og:type\" content=\"article\" \/>\n<meta property=\"og:title\" content=\"Colophon - Thalerhof\" \/>\n<meta property=\"og:description\" content=\"Colophon Thalerhof Onies 2339030 San Lorenzo di Sebato (BZ) +39 347 9987935contact@thalerhof.infogeorg.leimegger@pec.rolmail.net Codice destinatario: BZ007852 www.thalerhof.info P. IVA 02784180214Cod. Fisc. LMGGRG89H27B220UCodice CIN IT021081B54X6KL2FD Camera di Commercio di BolzanoNumero di registrazione: BZ205310Numero REA: BZ205310 Copyright per le immagini e grafiche utilizzate: ThalerhofShutterstockIDM S\u00fcdtirol-Alto Adige\/Harald WisthalerIDM S\u00fcdtirol\/Manuel KotterstegerIDM S\u00fcdtirol-Alto Adige\/Alex Molingfreepik.com Risoluzione delle controversie\u00a0Informazioni obbligatorie ai sensi [&hellip;]\" \/>\n<meta property=\"og:url\" content=\"https:\/\/www.thalerhof.info\/it\/colophon\/\" \/>\n<meta property=\"og:site_name\" content=\"Thalerhof\" \/>\n<meta property=\"article:modified_time\" content=\"2024-11-25T12:47:37+00:00\" \/>\n<meta name=\"twitter:card\" content=\"summary_large_image\" \/>\n<meta name=\"twitter:label1\" content=\"Tempo di lettura stimato\" \/>\n\t<meta name=\"twitter:data1\" content=\"3 minuti\" \/>\n<script type=\"application\/ld+json\" class=\"yoast-schema-graph\">{\"@context\":\"https:\/\/schema.org\",\"@graph\":[{\"@type\":\"WebPage\",\"@id\":\"https:\/\/www.thalerhof.info\/it\/colophon\/\",\"url\":\"https:\/\/www.thalerhof.info\/it\/colophon\/\",\"name\":\"Colophon - Thalerhof\",\"isPartOf\":{\"@id\":\"https:\/\/www.thalerhof.info\/it\/#website\"},\"datePublished\":\"2024-01-10T11:13:09+00:00\",\"dateModified\":\"2024-11-25T12:47:37+00:00\",\"breadcrumb\":{\"@id\":\"https:\/\/www.thalerhof.info\/it\/colophon\/#breadcrumb\"},\"inLanguage\":\"it-IT\",\"potentialAction\":[{\"@type\":\"ReadAction\",\"target\":[\"https:\/\/www.thalerhof.info\/it\/colophon\/\"]}]},{\"@type\":\"BreadcrumbList\",\"@id\":\"https:\/\/www.thalerhof.info\/it\/colophon\/#breadcrumb\",\"itemListElement\":[{\"@type\":\"ListItem\",\"position\":1,\"name\":\"Startseite\",\"item\":\"https:\/\/www.thalerhof.info\/it\/\"},{\"@type\":\"ListItem\",\"position\":2,\"name\":\"Colophon\"}]},{\"@type\":\"WebSite\",\"@id\":\"https:\/\/www.thalerhof.info\/it\/#website\",\"url\":\"https:\/\/www.thalerhof.info\/it\/\",\"name\":\"Thalerhof\",\"description\":\"\",\"publisher\":{\"@id\":\"https:\/\/www.thalerhof.info\/it\/#organization\"},\"potentialAction\":[{\"@type\":\"SearchAction\",\"target\":{\"@type\":\"EntryPoint\",\"urlTemplate\":\"https:\/\/www.thalerhof.info\/it\/?s={search_term_string}\"},\"query-input\":{\"@type\":\"PropertyValueSpecification\",\"valueRequired\":true,\"valueName\":\"search_term_string\"}}],\"inLanguage\":\"it-IT\"},{\"@type\":\"Organization\",\"@id\":\"https:\/\/www.thalerhof.info\/it\/#organization\",\"name\":\"Thalerhof\",\"url\":\"https:\/\/www.thalerhof.info\/it\/\",\"logo\":{\"@type\":\"ImageObject\",\"inLanguage\":\"it-IT\",\"@id\":\"https:\/\/www.thalerhof.info\/it\/#\/schema\/logo\/image\/\",\"url\":\"https:\/\/www.thalerhof.info\/wp-content\/uploads\/2024\/02\/Gruppe-2347.png\",\"contentUrl\":\"https:\/\/www.thalerhof.info\/wp-content\/uploads\/2024\/02\/Gruppe-2347.png\",\"width\":617,\"height\":225,\"caption\":\"Thalerhof\"},\"image\":{\"@id\":\"https:\/\/www.thalerhof.info\/it\/#\/schema\/logo\/image\/\"}}]}<\/script>\n<!-- \/ Yoast SEO plugin. -->","yoast_head_json":{"title":"Colophon - Thalerhof","robots":{"index":"index","follow":"follow","max-snippet":"max-snippet:-1","max-image-preview":"max-image-preview:large","max-video-preview":"max-video-preview:-1"},"canonical":"https:\/\/www.thalerhof.info\/it\/colophon\/","og_locale":"it_IT","og_type":"article","og_title":"Colophon - Thalerhof","og_description":"Colophon Thalerhof Onies 2339030 San Lorenzo di Sebato (BZ) +39 347 9987935contact@thalerhof.infogeorg.leimegger@pec.rolmail.net Codice destinatario: BZ007852 www.thalerhof.info P. IVA 02784180214Cod. Fisc. LMGGRG89H27B220UCodice CIN IT021081B54X6KL2FD Camera di Commercio di BolzanoNumero di registrazione: BZ205310Numero REA: BZ205310 Copyright per le immagini e grafiche utilizzate: ThalerhofShutterstockIDM S\u00fcdtirol-Alto Adige\/Harald WisthalerIDM S\u00fcdtirol\/Manuel KotterstegerIDM S\u00fcdtirol-Alto Adige\/Alex Molingfreepik.com Risoluzione delle controversie\u00a0Informazioni obbligatorie ai sensi [&hellip;]","og_url":"https:\/\/www.thalerhof.info\/it\/colophon\/","og_site_name":"Thalerhof","article_modified_time":"2024-11-25T12:47:37+00:00","twitter_card":"summary_large_image","twitter_misc":{"Tempo di lettura stimato":"3 minuti"},"schema":{"@context":"https:\/\/schema.org","@graph":[{"@type":"WebPage","@id":"https:\/\/www.thalerhof.info\/it\/colophon\/","url":"https:\/\/www.thalerhof.info\/it\/colophon\/","name":"Colophon - Thalerhof","isPartOf":{"@id":"https:\/\/www.thalerhof.info\/it\/#website"},"datePublished":"2024-01-10T11:13:09+00:00","dateModified":"2024-11-25T12:47:37+00:00","breadcrumb":{"@id":"https:\/\/www.thalerhof.info\/it\/colophon\/#breadcrumb"},"inLanguage":"it-IT","potentialAction":[{"@type":"ReadAction","target":["https:\/\/www.thalerhof.info\/it\/colophon\/"]}]},{"@type":"BreadcrumbList","@id":"https:\/\/www.thalerhof.info\/it\/colophon\/#breadcrumb","itemListElement":[{"@type":"ListItem","position":1,"name":"Startseite","item":"https:\/\/www.thalerhof.info\/it\/"},{"@type":"ListItem","position":2,"name":"Colophon"}]},{"@type":"WebSite","@id":"https:\/\/www.thalerhof.info\/it\/#website","url":"https:\/\/www.thalerhof.info\/it\/","name":"Thalerhof","description":"","publisher":{"@id":"https:\/\/www.thalerhof.info\/it\/#organization"},"potentialAction":[{"@type":"SearchAction","target":{"@type":"EntryPoint","urlTemplate":"https:\/\/www.thalerhof.info\/it\/?s={search_term_string}"},"query-input":{"@type":"PropertyValueSpecification","valueRequired":true,"valueName":"search_term_string"}}],"inLanguage":"it-IT"},{"@type":"Organization","@id":"https:\/\/www.thalerhof.info\/it\/#organization","name":"Thalerhof","url":"https:\/\/www.thalerhof.info\/it\/","logo":{"@type":"ImageObject","inLanguage":"it-IT","@id":"https:\/\/www.thalerhof.info\/it\/#\/schema\/logo\/image\/","url":"https:\/\/www.thalerhof.info\/wp-content\/uploads\/2024\/02\/Gruppe-2347.png","contentUrl":"https:\/\/www.thalerhof.info\/wp-content\/uploads\/2024\/02\/Gruppe-2347.png","width":617,"height":225,"caption":"Thalerhof"},"image":{"@id":"https:\/\/www.thalerhof.info\/it\/#\/schema\/logo\/image\/"}}]}},"_links":{"self":[{"href":"https:\/\/www.thalerhof.info\/it\/wp-json\/wp\/v2\/pages\/1294","targetHints":{"allow":["GET"]}}],"collection":[{"href":"https:\/\/www.thalerhof.info\/it\/wp-json\/wp\/v2\/pages"}],"about":[{"href":"https:\/\/www.thalerhof.info\/it\/wp-json\/wp\/v2\/types\/page"}],"author":[{"embeddable":true,"href":"https:\/\/www.thalerhof.info\/it\/wp-json\/wp\/v2\/users\/1"}],"replies":[{"embeddable":true,"href":"https:\/\/www.thalerhof.info\/it\/wp-json\/wp\/v2\/comments?post=1294"}],"version-history":[{"count":0,"href":"https:\/\/www.thalerhof.info\/it\/wp-json\/wp\/v2\/pages\/1294\/revisions"}],"wp:attachment":[{"href":"https:\/\/www.thalerhof.info\/it\/wp-json\/wp\/v2\/media?parent=1294"}],"curies":[{"name":"wp","href":"https:\/\/api.w.org\/{rel}","templated":true}]}}